{"id":205,"date":"2025-04-24T16:39:55","date_gmt":"2025-04-24T16:39:55","guid":{"rendered":"https:\/\/faxegospel.dk\/?page_id=205"},"modified":"2026-01-17T13:13:16","modified_gmt":"2026-01-17T13:13:16","slug":"bestyrelse","status":"publish","type":"page","link":"https:\/\/faxegospel.dk\/index.php\/bestyrelse\/","title":{"rendered":"Ledelse"},"content":{"rendered":"<p>[et_pb_section fb_built=&#8221;1&#8243; admin_label=&#8221;Giving&#8221; _builder_version=&#8221;4.27.4&#8243; background_image=&#8221;https:\/\/faxegospel.dk\/wp-content\/uploads\/2025\/03\/church-18-1-scaled.jpg&#8221; custom_width_px__hover=&#8221;1080px&#8221; custom_width_px__hover_enabled=&#8221;1080px&#8221; custom_width_percent__hover=&#8221;80%&#8221; custom_width_percent__hover_enabled=&#8221;80%&#8221; global_colors_info=&#8221;{}&#8221; gutter_width__hover=&#8221;3&#8243; gutter_width__hover_enabled=&#8221;3&#8243; parallax_1__hover=&#8221;off&#8221; parallax_1__hover_enabled=&#8221;off&#8221; parallax_2__hover=&#8221;off&#8221; parallax_2__hover_enabled=&#8221;off&#8221; parallax_3__hover=&#8221;off&#8221; parallax_3__hover_enabled=&#8221;off&#8221; parallax_method_1__hover=&#8221;on&#8221; parallax_method_1__hover_enabled=&#8221;on&#8221; parallax_method_2__hover=&#8221;on&#8221; parallax_method_2__hover_enabled=&#8221;on&#8221; parallax_method_3__hover=&#8221;on&#8221; parallax_method_3__hover_enabled=&#8221;on&#8221; background_size__hover=&#8221;cover&#8221; background_size__hover_enabled=&#8221;cover&#8221; background_position__hover=&#8221;center&#8221; background_position__hover_enabled=&#8221;center&#8221; use_background_color_gradient__hover=&#8221;off&#8221; use_background_color_gradient__hover_enabled=&#8221;off&#8221; background_color_gradient_start__hover=&#8221;#2b87da&#8221; background_color_gradient_start__hover_enabled=&#8221;#2b87da&#8221; background_color_gradient_end__hover=&#8221;#29c4a9&#8243; background_color_gradient_end__hover_enabled=&#8221;#29c4a9&#8243; background_color_gradient_type__hover=&#8221;linear&#8221; background_color_gradient_type__hover_enabled=&#8221;linear&#8221; background_color_gradient_direction__hover=&#8221;180deg&#8221; background_color_gradient_direction__hover_enabled=&#8221;180deg&#8221; background_color_gradient_direction_radial__hover=&#8221;center&#8221; background_color_gradient_direction_radial__hover_enabled=&#8221;center&#8221; background_color_gradient_start_position__hover=&#8221;0%&#8221; background_color_gradient_start_position__hover_enabled=&#8221;0%&#8221; background_color_gradient_end_position__hover=&#8221;100%&#8221; background_color_gradient_end_position__hover_enabled=&#8221;100%&#8221; background_color_gradient_overlays_image__hover=&#8221;off&#8221; background_color_gradient_overlays_image__hover_enabled=&#8221;off&#8221; parallax__hover=&#8221;off&#8221; parallax__hover_enabled=&#8221;off&#8221; parallax_method__hover=&#8221;on&#8221; parallax_method__hover_enabled=&#8221;on&#8221; background_repeat__hover=&#8221;no-repeat&#8221; background_repeat__hover_enabled=&#8221;no-repeat&#8221; background_blend__hover=&#8221;normal&#8221; background_blend__hover_enabled=&#8221;normal&#8221; allow_player_pause__hover=&#8221;off&#8221; allow_player_pause__hover_enabled=&#8221;off&#8221; background_video_pause_outside_viewport__hover=&#8221;on&#8221; background_video_pause_outside_viewport__hover_enabled=&#8221;on&#8221; inner_shadow__hover=&#8221;off&#8221; inner_shadow__hover_enabled=&#8221;off&#8221; make_fullwidth__hover=&#8221;off&#8221; make_fullwidth__hover_enabled=&#8221;off&#8221; use_custom_width__hover=&#8221;off&#8221; use_custom_width__hover_enabled=&#8221;off&#8221; width_unit__hover=&#8221;on&#8221; width_unit__hover_enabled=&#8221;on&#8221; make_equal__hover=&#8221;off&#8221; make_equal__hover_enabled=&#8221;off&#8221; use_custom_gutter__hover=&#8221;off&#8221; use_custom_gutter__hover_enabled=&#8221;off&#8221; border_radii__hover=&#8221;on||||&#8221; border_radii__hover_enabled=&#8221;on||||&#8221; box_shadow_style__hover=&#8221;none&#8221; box_shadow_style__hover_enabled=&#8221;none&#8221; box_shadow_color__hover=&#8221;rgba(0,0,0,0.3)&#8221; box_shadow_color__hover_enabled=&#8221;rgba(0,0,0,0.3)&#8221; max_width__hover=&#8221;100%&#8221; max_width__hover_enabled=&#8221;100%&#8221; filter_hue_rotate__hover=&#8221;0deg&#8221; filter_hue_rotate__hover_enabled=&#8221;0deg&#8221; filter_saturate__hover=&#8221;100%&#8221; filter_saturate__hover_enabled=&#8221;100%&#8221; filter_brightness__hover=&#8221;100%&#8221; filter_brightness__hover_enabled=&#8221;100%&#8221; filter_contrast__hover=&#8221;100%&#8221; filter_contrast__hover_enabled=&#8221;100%&#8221; filter_invert__hover=&#8221;0%&#8221; filter_invert__hover_enabled=&#8221;0%&#8221; filter_sepia__hover=&#8221;0%&#8221; filter_sepia__hover_enabled=&#8221;0%&#8221; filter_opacity__hover=&#8221;100%&#8221; filter_opacity__hover_enabled=&#8221;100%&#8221; filter_blur__hover=&#8221;0px&#8221; filter_blur__hover_enabled=&#8221;0px&#8221; mix_blend_mode__hover=&#8221;normal&#8221; mix_blend_mode__hover_enabled=&#8221;normal&#8221; animation_style__hover=&#8221;none&#8221; animation_style__hover_enabled=&#8221;none&#8221; animation_repeat__hover=&#8221;once&#8221; animation_repeat__hover_enabled=&#8221;once&#8221; animation_direction__hover=&#8221;center&#8221; animation_direction__hover_enabled=&#8221;center&#8221; animation_duration__hover=&#8221;1000ms&#8221; animation_duration__hover_enabled=&#8221;1000ms&#8221; animation_delay__hover=&#8221;0ms&#8221; animation_delay__hover_enabled=&#8221;0ms&#8221; animation_intensity_slide__hover=&#8221;50%&#8221; animation_intensity_slide__hover_enabled=&#8221;50%&#8221; animation_intensity_zoom__hover=&#8221;50%&#8221; animation_intensity_zoom__hover_enabled=&#8221;50%&#8221; animation_intensity_flip__hover=&#8221;50%&#8221; animation_intensity_flip__hover_enabled=&#8221;50%&#8221; animation_intensity_fold__hover=&#8221;50%&#8221; animation_intensity_fold__hover_enabled=&#8221;50%&#8221; animation_intensity_roll__hover=&#8221;50%&#8221; animation_intensity_roll__hover_enabled=&#8221;50%&#8221; animation_starting_opacity__hover=&#8221;0%&#8221; animation_starting_opacity__hover_enabled=&#8221;0%&#8221; animation_speed_curve__hover=&#8221;ease-in-out&#8221; animation_speed_curve__hover_enabled=&#8221;ease-in-out&#8221; hover_transition_duration__hover=&#8221;300ms&#8221; hover_transition_duration__hover_enabled=&#8221;300ms&#8221; hover_transition_delay__hover=&#8221;0ms&#8221; hover_transition_delay__hover_enabled=&#8221;0ms&#8221; hover_transition_speed_curve__hover=&#8221;ease&#8221; hover_transition_speed_curve__hover_enabled=&#8221;ease&#8221; background_color_gradient_stops__hover=&#8221;#2b87da 0%|#29c4a9 100%&#8221;][et_pb_row _builder_version=&#8221;4.27.4&#8243; _module_preset=&#8221;default&#8221; global_colors_info=&#8221;{}&#8221;][et_pb_column type=&#8221;4_4&#8243; _builder_version=&#8221;4.27.4&#8243; _module_preset=&#8221;default&#8221; global_colors_info=&#8221;{}&#8221;][et_pb_text _builder_version=&#8221;4.27.4&#8243; _module_preset=&#8221;default&#8221; text_text_color=&#8221;#FFFFFF&#8221; use_background_color_gradient=&#8221;on&#8221; background_color_gradient_type=&#8221;circular&#8221; background_layout=&#8221;dark&#8221; text_text_shadow_style=&#8221;preset5&#8243; text_text_shadow_color=&#8221;#000000&#8243; border_radii=&#8221;off|20px|20px||&#8221; global_colors_info=&#8221;{}&#8221;]<\/p>\n<h1 style=\"text-align: center;\">Musikalsk ledelse<\/h1>\n<p>[\/et_pb_text][\/et_pb_column][\/et_pb_row][et_pb_row column_structure=&#8221;1_2,1_2&#8243; _builder_version=&#8221;4.27.4&#8243; _module_preset=&#8221;default&#8221; use_background_color_gradient=&#8221;on&#8221; background_image=&#8221;https:\/\/faxegospel.dk\/wp-content\/uploads\/2025\/03\/342973027_2184912178373299_5500874706707155376_n.jpg&#8221; background_position=&#8221;bottom_center&#8221; background_blend=&#8221;overlay&#8221; background_enable_video_mp4=&#8221;off&#8221; custom_padding=&#8221;|27px||27px|false|false&#8221; border_radii=&#8221;off|||20px|20px&#8221; global_colors_info=&#8221;{}&#8221;][et_pb_column type=&#8221;1_2&#8243; _builder_version=&#8221;4.27.4&#8243; _module_preset=&#8221;default&#8221; global_colors_info=&#8221;{}&#8221;][et_pb_blurb title=&#8221;Line Hougaard  (Korleder)&#8221; image=&#8221;https:\/\/faxegospel.dk\/wp-content\/uploads\/2025\/04\/Line2.jpg&#8221; _builder_version=&#8221;4.27.4&#8243; _module_preset=&#8221;default&#8221; header_level=&#8221;h2&#8243; header_text_color=&#8221;#FFFFFF&#8221; body_text_color=&#8221;#FFFFFF&#8221; custom_padding=&#8221;16px|16px|16px|16px|true|false&#8221; animation_style=&#8221;zoom&#8221; animation_duration=&#8221;2000ms&#8221; animation_delay=&#8221;350ms&#8221; animation_starting_opacity=&#8221;3%&#8221; hover_enabled=&#8221;0&#8243; header_text_shadow_style=&#8221;preset5&#8243; body_text_shadow_style=&#8221;preset1&#8243; body_text_shadow_horizontal_length=&#8221;0.09em&#8221; body_text_shadow_vertical_length=&#8221;0.27em&#8221; body_text_shadow_blur_strength=&#8221;1.2em&#8221; body_text_shadow_color=&#8221;#000000&#8243; border_radii=&#8221;on|20px|20px|20px|20px&#8221; border_radii_image=&#8221;on|20px|20px|20px|20px&#8221; border_width_all_image=&#8221;1px&#8221; box_shadow_style=&#8221;preset1&#8243; box_shadow_style_image=&#8221;preset1&#8243; global_colors_info=&#8221;{}&#8221; sticky_enabled=&#8221;0&#8243;]<\/p>\n<p><span>Jeg er f\u00f8dt og opvokset i Aarhus. Flyttet til Sydsj\u00e6lland i 2007, hvor jeg har f\u00e5et 2 dejlige b\u00f8rn og hvor jeg bor sammen med min k\u00e6reste (og mine b\u00f8rn) i Kongsted.<br \/>Jeg er autodidakt korleder og nyder at indstudere, dirigere og skrive musik.<br \/><\/span>Jeg l\u00e6gger v\u00e6gt p\u00e5 det uformelle, jordbundne og humoristiske i min undervisning og g\u00f8r en dyd ud af, at bevare min jyske dialekt. At synge skal v\u00e6re sjovt og give god energi til resten af ugen.<\/p>\n<div role=\"presentation\" class=\"html-div xdj266r x11i5rnm xat24cr x1mh8g0r xexx8yu x4uap5 x18d9i69 xkhd6sd x1h91t0o xkh2ocl x78zum5 xdt5ytf x13a6bvl x193iq5w x1iyjqo2 x1eb86dx\"><\/div>\n<p><span><\/span><\/p>\n<p>[\/et_pb_blurb][\/et_pb_column][et_pb_column type=&#8221;1_2&#8243; _builder_version=&#8221;4.27.4&#8243; _module_preset=&#8221;default&#8221; global_colors_info=&#8221;{}&#8221;][et_pb_blurb title=&#8221;Anders Mortensen  (Pianist)&#8221; image=&#8221;https:\/\/faxegospel.dk\/wp-content\/uploads\/2025\/03\/0-696df335-7c87-4837-b35d-a6e61b35f607-2016&#215;1344.jpg&#8221; disabled_on=&#8221;off|off|off&#8221; _builder_version=&#8221;4.27.4&#8243; _module_preset=&#8221;default&#8221; header_level=&#8221;h2&#8243; header_text_color=&#8221;#FFFFFF&#8221; body_font=&#8221;||||||||&#8221; body_text_color=&#8221;#FFFFFF&#8221; custom_padding=&#8221;16px|16px|16px|16px|false|true&#8221; mix_blend_mode=&#8221;hard-light&#8221; animation_style=&#8221;zoom&#8221; animation_duration=&#8221;2000ms&#8221; animation_delay=&#8221;350ms&#8221; hover_enabled=&#8221;0&#8243; header_text_shadow_style=&#8221;preset5&#8243; body_text_shadow_style=&#8221;preset3&#8243; body_text_shadow_horizontal_length=&#8221;-0.04em&#8221; body_text_shadow_vertical_length=&#8221;-0.05em&#8221; body_text_shadow_blur_strength=&#8221;1.3em&#8221; body_text_shadow_color=&#8221;#000000&#8243; border_radii=&#8221;on|20px|20px|20px|20px&#8221; border_radii_image=&#8221;on|20px|20px|20px|20px&#8221; border_width_all_image=&#8221;1px&#8221; box_shadow_style=&#8221;preset1&#8243; box_shadow_style_image=&#8221;preset1&#8243; global_colors_info=&#8221;{}&#8221; title_text=&#8221;0f5332e4-14f3-4493-8477-75a199c40884&#8243; width=&#8221;100%&#8221; max_width=&#8221;100%&#8221; content_max_width=&#8221;540px&#8221; sticky_enabled=&#8221;0&#8243;][\/et_pb_blurb][\/et_pb_column][\/et_pb_row][et_pb_row _builder_version=&#8221;4.27.4&#8243; _module_preset=&#8221;default&#8221; global_colors_info=&#8221;{}&#8221;][et_pb_column type=&#8221;4_4&#8243; _builder_version=&#8221;4.27.4&#8243; _module_preset=&#8221;default&#8221; global_colors_info=&#8221;{}&#8221;][et_pb_text _builder_version=&#8221;4.27.4&#8243; _module_preset=&#8221;default&#8221; text_text_color=&#8221;#FFFFFF&#8221; use_background_color_gradient=&#8221;on&#8221; background_color_gradient_type=&#8221;circular&#8221; background_layout=&#8221;dark&#8221; custom_margin=&#8221;0px||||false|false&#8221; custom_padding=&#8221;0px||||false|false&#8221; text_text_shadow_style=&#8221;preset1&#8243; text_text_shadow_color=&#8221;#000000&#8243; border_radii=&#8221;off|20px|20px||&#8221; border_width_all=&#8221;1px&#8221; global_colors_info=&#8221;{}&#8221;]<\/p>\n<h1 style=\"text-align: center;\">Bestyrelsen i Faxe Gospel udg\u00f8res af:<\/h1>\n<p>[\/et_pb_text][\/et_pb_column][\/et_pb_row][et_pb_row column_structure=&#8221;1_2,1_2&#8243; _builder_version=&#8221;4.27.4&#8243; _module_preset=&#8221;default&#8221; use_background_color_gradient=&#8221;on&#8221; background_image=&#8221;https:\/\/faxegospel.dk\/wp-content\/uploads\/2025\/03\/408656764_10227513619459192_8659459705436345847_n.jpg&#8221; background_blend=&#8221;luminosity&#8221; custom_margin=&#8221;5px||||false|false&#8221; custom_padding=&#8221;41px|35px||35px|false|true&#8221; border_radii=&#8221;off|||20px|20px&#8221; box_shadow_style=&#8221;preset1&#8243; global_colors_info=&#8221;{}&#8221;][et_pb_column type=&#8221;1_2&#8243; _builder_version=&#8221;4.27.4&#8243; _module_preset=&#8221;default&#8221; global_colors_info=&#8221;{}&#8221;][et_pb_team_member name=&#8221;Linda&#8221; position=&#8221;Formand (Alt)&#8221; image_url=&#8221;https:\/\/faxegospel.dk\/wp-content\/uploads\/2025\/04\/Linda-scaled.jpg&#8221; _builder_version=&#8221;4.27.4&#8243; _module_preset=&#8221;default&#8221; header_level=&#8221;h2&#8243; header_text_align=&#8221;left&#8221; header_text_color=&#8221;#FFFFFF&#8221; body_text_color=&#8221;#FFFFFF&#8221; position_text_color=&#8221;#D2FF57&#8243; position_font_size=&#8221;19px&#8221; use_background_color_gradient=&#8221;on&#8221; background_color_gradient_stops=&#8221;rgba(43,135,218,0.25) 0%|#29c4a9 100%&#8221; background_layout=&#8221;dark&#8221; custom_margin=&#8221;0px||||false|false&#8221; custom_padding=&#8221;16px|16px|10px|16px|false|true&#8221; animation_style=&#8221;fold&#8221; position_text_shadow_style=&#8221;preset2&#8243; border_radii=&#8221;on|15px|15px|15px|15px&#8221; border_radii_image=&#8221;on|20px|20px|20px|20px&#8221; border_width_all_image=&#8221;1px&#8221; box_shadow_style=&#8221;preset1&#8243; box_shadow_style_image=&#8221;preset1&#8243; text_shadow_style=&#8221;preset3&#8243; text_shadow_color=&#8221;#000000&#8243; global_colors_info=&#8221;{}&#8221;]<\/p>\n<div dir=\"auto\">Jeg er 58 \u00e5r og bor i N\u00e6stved.<\/div>\n<div dir=\"auto\">Har v\u00e6ret en del af Faxe Gospelkor siden januar 2017.<\/div>\n<div dir=\"auto\">Det er et fantastisk kor, med stor im\u00f8dekommenhed. Der er plads og rum til alle, og jeg nyder virkelig at v\u00e6re en del at dette f\u00e6llesskab. Netop det, er grunden til, at jeg gerne k\u00f8rer turen fra N\u00e6stved til Faxe for at f\u00e5 ugens energiboost i lige pr\u00e6cis dette kor.<\/div>\n<div dir=\"auto\">Jeg er nyvalgt som formand for bestyrelsen, og vil g\u00f8re alt jeg kan i samarbejde med en god og arbejdsom bestyrelse for, at vi kan skabe gode rammer og vilk\u00e5r for kormedlemmerne, samt ikke mindst g\u00f8re, hvad vi kan for at promovere koret s\u00e5 vi kan blive endnu flere med tiden.<\/div>\n<p>[\/et_pb_team_member][et_pb_team_member name=&#8221;Sofie&#8221; position=&#8221;Kasserer  (Sopran)&#8221; image_url=&#8221;https:\/\/faxegospel.dk\/wp-content\/uploads\/2025\/04\/Sofie.jpg&#8221; disabled_on=&#8221;off|off|on&#8221; _builder_version=&#8221;4.27.4&#8243; _module_preset=&#8221;default&#8221; header_level=&#8221;h2&#8243; header_text_align=&#8221;left&#8221; header_text_color=&#8221;#FFFFFF&#8221; body_text_color=&#8221;#FFFFFF&#8221; position_text_color=&#8221;#edf000&#8243; position_font_size=&#8221;19px&#8221; use_background_color_gradient=&#8221;on&#8221; background_color_gradient_stops=&#8221;rgba(43,135,218,0.25) 0%|#29c4a9 100%&#8221; background_layout=&#8221;dark&#8221; custom_margin=&#8221;0px||||false|false&#8221; custom_padding=&#8221;16px|16px|10px|16px|false|true&#8221; animation_style=&#8221;fold&#8221; animation_direction=&#8221;left&#8221; header_text_shadow_style=&#8221;preset2&#8243; position_text_shadow_style=&#8221;preset2&#8243; border_radii=&#8221;on|15px|15px|15px|15px&#8221; border_radii_image=&#8221;on|20px|20px|20px|20px&#8221; border_width_all_image=&#8221;1px&#8221; box_shadow_style=&#8221;preset1&#8243; box_shadow_style_image=&#8221;preset3&#8243; global_colors_info=&#8221;{}&#8221;]<\/p>\n<p>Jeg hedder Sofie og er k\u00e6mpe fan af Faxe Gospel.<br \/>Hvorfor synger jeg? Fordi jeg ikke kan lade v\u00e6re! Musikken, energien og ikke mindst f\u00e6lleskabet er blot nogle af grundene til at jeg er her.<br \/>Selvom jeg har 1 times transporttid b\u00e5de frem og tilbage, kan jeg ikke forestille mig en hverdag uden Faxe Gospel.<br \/>S\u00e5 kom og v\u00e6r med! Det bedste tidspunkt at starte var for lang tid siden &#8211; det n\u00e6stbedste tidspunkt er nu!<\/p>\n<p>[\/et_pb_team_member][et_pb_team_member name=&#8221;Arne&#8221; position=&#8221;Bestyrelsesmedlem  (Tenor)&#8221; image_url=&#8221;https:\/\/faxegospel.dk\/wp-content\/uploads\/2025\/04\/Arne2.jpg&#8221; _builder_version=&#8221;4.27.4&#8243; _module_preset=&#8221;default&#8221; header_level=&#8221;h2&#8243; header_text_align=&#8221;left&#8221; header_text_color=&#8221;#FFFFFF&#8221; position_text_color=&#8221;#D2FF57&#8243; use_background_color_gradient=&#8221;on&#8221; background_color_gradient_stops=&#8221;rgba(43,135,218,0.25) 0%|#29c4a9 100%&#8221; background_layout=&#8221;dark&#8221; custom_margin=&#8221;0px||||false|false&#8221; custom_padding=&#8221;16px|16px|10px|16px|false|true&#8221; border_radii=&#8221;on|15px|15px|15px|15px&#8221; border_radii_image=&#8221;on|20px|20px|20px|20px&#8221; border_width_all_image=&#8221;1px&#8221; box_shadow_style=&#8221;preset1&#8243; box_shadow_style_image=&#8221;preset1&#8243; text_shadow_style=&#8221;preset3&#8243; text_shadow_color=&#8221;#000000&#8243; global_colors_info=&#8221;{}&#8221;][\/et_pb_team_member][et_pb_team_member name=&#8221;Bettina&#8221; position=&#8221;Bestyrelsesmedlem&#8221; image_url=&#8221;https:\/\/faxegospel.dk\/wp-content\/uploads\/2025\/04\/Betina2.jpg&#8221; _builder_version=&#8221;4.27.4&#8243; _module_preset=&#8221;default&#8221; header_level=&#8221;h2&#8243; header_text_align=&#8221;left&#8221; header_text_color=&#8221;#FFFFFF&#8221; position_text_color=&#8221;#D2FF57&#8243; use_background_color_gradient=&#8221;on&#8221; background_color_gradient_stops=&#8221;rgba(43,135,218,0.25) 0%|#29c4a9 100%&#8221; background_layout=&#8221;dark&#8221; custom_margin=&#8221;0px||||false|false&#8221; custom_padding=&#8221;16px|16px|10px|16px|false|true&#8221; border_radii=&#8221;on|15px|15px|15px|15px&#8221; border_radii_image=&#8221;on|20px|20px|20px|20px&#8221; border_width_all_image=&#8221;1px&#8221; box_shadow_style=&#8221;preset1&#8243; box_shadow_style_image=&#8221;preset1&#8243; text_shadow_style=&#8221;preset3&#8243; text_shadow_color=&#8221;#000000&#8243; global_colors_info=&#8221;{}&#8221;][\/et_pb_team_member][\/et_pb_column][et_pb_column type=&#8221;1_2&#8243; _builder_version=&#8221;4.27.4&#8243; _module_preset=&#8221;default&#8221; global_colors_info=&#8221;{}&#8221;][et_pb_team_member name=&#8221;Sofie&#8221; position=&#8221;Kasserer  (Sopran)&#8221; image_url=&#8221;https:\/\/faxegospel.dk\/wp-content\/uploads\/2025\/04\/Sofie.jpg&#8221; disabled_on=&#8221;on|on|off&#8221; _builder_version=&#8221;4.27.4&#8243; _module_preset=&#8221;default&#8221; header_level=&#8221;h2&#8243; header_text_align=&#8221;left&#8221; header_text_color=&#8221;#FFFFFF&#8221; body_text_color=&#8221;#FFFFFF&#8221; position_text_color=&#8221;#edf000&#8243; position_font_size=&#8221;19px&#8221; use_background_color_gradient=&#8221;on&#8221; background_color_gradient_stops=&#8221;rgba(43,135,218,0.25) 0%|#29c4a9 100%&#8221; background_layout=&#8221;dark&#8221; custom_margin=&#8221;0px||||false|false&#8221; custom_padding=&#8221;16px|16px|10px|16px|false|true&#8221; animation_style=&#8221;fold&#8221; animation_direction=&#8221;left&#8221; header_text_shadow_style=&#8221;preset2&#8243; position_text_shadow_style=&#8221;preset2&#8243; border_radii=&#8221;on|15px|15px|15px|15px&#8221; border_radii_image=&#8221;on|20px|20px|20px|20px&#8221; border_width_all_image=&#8221;1px&#8221; box_shadow_style=&#8221;preset1&#8243; box_shadow_style_image=&#8221;preset3&#8243; global_colors_info=&#8221;{}&#8221;]<\/p>\n<p>Jeg hedder Sofie og er k\u00e6mpe fan af Faxe Gospel.<br \/>Hvorfor synger jeg? Fordi jeg ikke kan lade v\u00e6re! Musikken, energien og ikke mindst f\u00e6lleskabet er blot nogle af grundene til at jeg er her.<br \/>Selvom jeg har 1 times transporttid b\u00e5de frem og tilbage, kan jeg ikke forestille mig en hverdag uden Faxe Gospel.<br \/>S\u00e5 kom og v\u00e6r med! Det bedste tidspunkt at starte var for lang tid siden &#8211; det n\u00e6stbedste tidspunkt er nu!<\/p>\n<p>[\/et_pb_team_member][et_pb_team_member name=&#8221;Carolineh&#8221; position=&#8221;Bestyrelsesmedlem (Sopran)&#8221; image_url=&#8221;https:\/\/faxegospel.dk\/wp-content\/uploads\/2025\/04\/Carolineh2.jpg&#8221; _builder_version=&#8221;4.27.4&#8243; _module_preset=&#8221;default&#8221; header_level=&#8221;h2&#8243; header_text_align=&#8221;left&#8221; header_text_color=&#8221;#FFFFFF&#8221; position_text_color=&#8221;#D2FF57&#8243; use_background_color_gradient=&#8221;on&#8221; background_color_gradient_stops=&#8221;rgba(43,135,218,0.25) 0%|#29c4a9 100%&#8221; background_layout=&#8221;dark&#8221; custom_margin=&#8221;0px||||false|false&#8221; custom_padding=&#8221;16px|16px|10px|16px|false|true&#8221; border_radii=&#8221;on|15px|15px|15px|15px&#8221; border_radii_image=&#8221;on|20px|20px|20px|20px&#8221; border_width_all_image=&#8221;1px&#8221; box_shadow_style=&#8221;preset1&#8243; box_shadow_style_image=&#8221;preset1&#8243; text_shadow_style=&#8221;preset3&#8243; text_shadow_color=&#8221;#000000&#8243; global_colors_info=&#8221;{}&#8221;][\/et_pb_team_member][et_pb_team_member name=&#8221;Nancy&#8221; position=&#8221;Suppleant (Alt)&#8221; image_url=&#8221;https:\/\/faxegospel.dk\/wp-content\/uploads\/2025\/04\/Nancy2.jpg&#8221; _builder_version=&#8221;4.27.4&#8243; _module_preset=&#8221;default&#8221; header_level=&#8221;h2&#8243; header_text_align=&#8221;left&#8221; header_text_color=&#8221;#FFFFFF&#8221; position_text_color=&#8221;#D2FF57&#8243; use_background_color_gradient=&#8221;on&#8221; background_color_gradient_stops=&#8221;rgba(43,135,218,0.25) 0%|#29c4a9 100%&#8221; background_layout=&#8221;dark&#8221; custom_margin=&#8221;0px||||false|false&#8221; custom_padding=&#8221;16px|16px|10px|16px|false|true&#8221; border_radii=&#8221;on|15px|15px|15px|15px&#8221; border_radii_image=&#8221;on|20px|20px|20px|20px&#8221; border_width_all_image=&#8221;1px&#8221; box_shadow_style=&#8221;preset1&#8243; box_shadow_style_image=&#8221;preset1&#8243; text_shadow_style=&#8221;preset3&#8243; text_shadow_color=&#8221;#000000&#8243; global_colors_info=&#8221;{}&#8221;][\/et_pb_team_member][\/et_pb_column][\/et_pb_row][\/et_pb_section]<\/p>\n","protected":false},"excerpt":{"rendered":"<p>Musikalsk ledelseJeg er f\u00f8dt og opvokset i Aarhus. Flyttet til Sydsj\u00e6lland i 2007, hvor jeg har f\u00e5et 2 dejlige b\u00f8rn og hvor jeg bor sammen med min k\u00e6reste (og mine b\u00f8rn) i Kongsted.Jeg er autodidakt korleder og nyder at indstudere, dirigere og skrive musik.Jeg l\u00e6gger v\u00e6gt p\u00e5 det uformelle, jordbundne og humoristiske i min undervisning [&hellip;]<\/p>\n","protected":false},"author":1,"featured_media":0,"parent":0,"menu_order":0,"comment_status":"closed","ping_status":"closed","template":"","meta":{"_acf_changed":false,"_et_pb_use_builder":"on","_et_pb_old_content":"","_et_gb_content_width":"","footnotes":""},"class_list":["post-205","page","type-page","status-publish","hentry"],"acf":[],"_links":{"self":[{"href":"https:\/\/faxegospel.dk\/index.php\/wp-json\/wp\/v2\/pages\/205","targetHints":{"allow":["GET"]}}],"collection":[{"href":"https:\/\/faxegospel.dk\/index.php\/wp-json\/wp\/v2\/pages"}],"about":[{"href":"https:\/\/faxegospel.dk\/index.php\/wp-json\/wp\/v2\/types\/page"}],"author":[{"embeddable":true,"href":"https:\/\/faxegospel.dk\/index.php\/wp-json\/wp\/v2\/users\/1"}],"replies":[{"embeddable":true,"href":"https:\/\/faxegospel.dk\/index.php\/wp-json\/wp\/v2\/comments?post=205"}],"version-history":[{"count":14,"href":"https:\/\/faxegospel.dk\/index.php\/wp-json\/wp\/v2\/pages\/205\/revisions"}],"predecessor-version":[{"id":626,"href":"https:\/\/faxegospel.dk\/index.php\/wp-json\/wp\/v2\/pages\/205\/revisions\/626"}],"wp:attachment":[{"href":"https:\/\/faxegospel.dk\/index.php\/wp-json\/wp\/v2\/media?parent=205"}],"curies":[{"name":"wp","href":"https:\/\/api.w.org\/{rel}","templated":true}]}}